{"id":10,"date":"2015-08-21T19:06:01","date_gmt":"2015-08-21T19:06:01","guid":{"rendered":"http:\/\/kuitu16.fi\/wpkansio\/?page_id=10"},"modified":"2018-08-08T19:23:29","modified_gmt":"2018-08-08T17:23:29","slug":"miksi-valokuitu","status":"publish","type":"page","link":"https:\/\/kuitu16.fi\/index.php\/miksi-valokuitu\/","title":{"rendered":"Miksi valokuitu?"},"content":{"rendered":"<h2>Verkkopalvelut vaativat koko ajan enemm\u00e4n yhteydelt\u00e4<\/h2>\n<p>Internetin k\u00e4ytt\u00f6 kasvaa koko ajan. Monet internetin kautta k\u00e4ytett\u00e4v\u00e4t palvelut kuten tv- ja elokuvapalvelut vaativat entist\u00e4 enemm\u00e4n tiedonsiirtokapasiteettia. Alueemme kuparijohtoihin ja mobiiliyhteyksiin perustuvat laajakaistayhteydet toimivat jo t\u00e4ll\u00e4 hetkell\u00e4 kapasiteettinsa rajoilla ja nopeus vaihtelee vuorokauden ajasta riippuen Yhteydet tulevat ruuhkautumaan jatkossa entist\u00e4 pahemmin ja aiheuttamaan ongelmallisia tilanteita.<\/p>\n<p><span data-reactid=\".1bf.1:5:1:$comment125144597829054_125429184467262:0.0.$right.0.$left.0.0.1\"><span data-ft=\"{&quot;tn&quot;:&quot;K&quot;}\" data-reactid=\".1bf.1:5:1:$comment125144597829054_125429184467262:0.0.$right.0.$left.0.0.1.$comment-body\"><span class=\"UFICommentBody _1n4g\" data-reactid=\".1bf.1:5:1:$comment125144597829054_125429184467262:0.0.$right.0.$left.0.0.1.$comment-body.0\"><span data-reactid=\".1bf.1:5:1:$comment125144597829054_125429184467262:0.0.$right.0.$left.0.0.1.$comment-body.0.0\"><span data-reactid=\".1bf.1:5:1:$comment125144597829054_125429184467262:0.0.$right.0.$left.0.0.1.$comment-body.0.0.$end:0:$text4:0\">Milloin ADSL:n raja tulee vastaan<\/span><\/span><span data-reactid=\".1bf.1:5:1:$comment125144597829054_125429184467262:0.0.$right.0.$left.0.0.1.$comment-body.0.3\"><span data-reactid=\".1bf.1:5:1:$comment125144597829054_125429184467262:0.0.$right.0.$left.0.0.1.$comment-body.0.3.0\"><span data-reactid=\".1bf.1:5:1:$comment125144597829054_125429184467262:0.0.$right.0.$left.0.0.1.$comment-body.0.3.0.$end:0:$text0:0\"> riippuu k\u00e4yt\u00f6st\u00e4; verkkopankki py\u00f6rii varmasti seuraavat 10 vuotta nykyisell\u00e4 tekniikalla, mutta ty\u00f6- tai viihdek\u00e4yt\u00f6ss\u00e4 tarvitaan nopeampia yhteyksi\u00e4. Tiedostot ovat entist\u00e4 suurempia ja niit\u00e4 liikutellaan enemm\u00e4n (digikamerat, varmuuskopiointi, pelaaminen, et\u00e4ty\u00f6). Kahden lapsen perheess\u00e4 on \u00e4kki\u00e4 toistakymment\u00e4 laitetta kiinni verkossa koko ajan (4x puhelin, 4x tabletti, 2x tietokone, 2x tv, stereot&#8230;)<\/span><\/span><\/span><\/span><\/span><\/span><\/p>\n<p><a href=\"https:\/\/kuitu16.fi\/wpkansio\/wp-content\/uploads\/2015\/08\/nopeus.jpg\"><img loading=\"lazy\" decoding=\"async\" class=\"alignnone size-full wp-image-239\" src=\"https:\/\/kuitu16.fi\/wpkansio\/wp-content\/uploads\/2015\/08\/nopeus.jpg\" alt=\"nopeus\" width=\"1364\" height=\"712\" srcset=\"https:\/\/kuitu16.fi\/wpkansio\/wp-content\/uploads\/2015\/08\/nopeus.jpg 1364w, https:\/\/kuitu16.fi\/wpkansio\/wp-content\/uploads\/2015\/08\/nopeus-300x157.jpg 300w, https:\/\/kuitu16.fi\/wpkansio\/wp-content\/uploads\/2015\/08\/nopeus-1024x535.jpg 1024w, https:\/\/kuitu16.fi\/wpkansio\/wp-content\/uploads\/2015\/08\/nopeus-700x365.jpg 700w\" sizes=\"auto, (max-width: 1364px) 100vw, 1364px\" \/><\/a><\/p>\n<h2><span data-reactid=\".1bf.1:5:1:$comment125144597829054_125429184467262:0.0.$right.0.$left.0.0.1\"><span data-ft=\"{&quot;tn&quot;:&quot;K&quot;}\" data-reactid=\".1bf.1:5:1:$comment125144597829054_125429184467262:0.0.$right.0.$left.0.0.1.$comment-body\"><span class=\"UFICommentBody _1n4g\" data-reactid=\".1bf.1:5:1:$comment125144597829054_125429184467262:0.0.$right.0.$left.0.0.1.$comment-body.0\"><span data-reactid=\".1bf.1:5:1:$comment125144597829054_125429184467262:0.0.$right.0.$left.0.0.1.$comment-body.0.3\"><span data-reactid=\".1bf.1:5:1:$comment125144597829054_125429184467262:0.0.$right.0.$left.0.0.1.$comment-body.0.3.0\">Televisio siirtyy verkkoon<\/span><\/span><\/span><\/span><\/span><\/h2>\n<p><span data-reactid=\".1bf.1:5:1:$comment125144597829054_125429184467262:0.0.$right.0.$left.0.0.1\"><span data-ft=\"{&quot;tn&quot;:&quot;K&quot;}\" data-reactid=\".1bf.1:5:1:$comment125144597829054_125429184467262:0.0.$right.0.$left.0.0.1.$comment-body\"><span class=\"UFICommentBody _1n4g\" data-reactid=\".1bf.1:5:1:$comment125144597829054_125429184467262:0.0.$right.0.$left.0.0.1.$comment-body.0\"><span data-reactid=\".1bf.1:5:1:$comment125144597829054_125429184467262:0.0.$right.0.$left.0.0.1.$comment-body.0.3\"><span data-reactid=\".1bf.1:5:1:$comment125144597829054_125429184467262:0.0.$right.0.$left.0.0.1.$comment-body.0.3.0\"><span data-reactid=\".1bf.1:5:1:$comment125144597829054_125429184467262:0.0.$right.0.$left.0.0.1.$comment-body.0.3.0.$end:0:$text4:0\">Perinteinen televisio v\u00e4istyy pian verkkopalveluiden tielt\u00e4. Koska radiotaajuudet ovat rajallisia, on ter\u00e4v\u00e4piirtol\u00e4hetysten jakelukanava jatkossa internet. K\u00e4yt\u00e4nn\u00f6ss\u00e4 kaikki uudet televisiot pystyv\u00e4t FullHD tarkkuuteen ja suurimman osan voi kytke\u00e4 verkkoon. 4K televisiot yleistyv\u00e4t nopeasti, vaikka digitv ei kykene viel\u00e4 kunnolla edes ter\u00e4v\u00e4piirtoon! Kaikkien tv-kanavien ohjelmia voi jo seurata verkon yli (Yle Areena, Ruutu, Katsomo) ja esim. Netflix kasvaa hurjaa vauhtia. FullHD kuvan v\u00e4litt\u00e4minen vaatii kaistaa v\u00e4hint\u00e4\u00e4n 4 mbit\/s (Youtube) ja parempilaatuisena enemm\u00e4n aina 30-40 mbit\/s bittinopeuksiin asti (Blue-ray). 4K tarkkuus vaatii yleistyess\u00e4\u00e4n nimens\u00e4 mukaisesti nelinkertaisen kaistan. 4 Mbit\/s ADSL-yhteydell\u00e4 jo kahden ohjelman samanaikainen katselu k\u00e4yt\u00e4nn\u00f6ss\u00e4 tukkii verkon.<\/span><br data-reactid=\".1bf.1:5:1:$comment125144597829054_125429184467262:0.0.$right.0.$left.0.0.1.$comment-body.0.3.0.$end:0:$text5:0\" \/><\/span><\/span><\/span><\/span><\/span><\/p>\n<h2>Valokuitu on teknisesti ainoa vaihtoehto<\/h2>\n<p><span data-reactid=\".1bf.1:5:1:$comment125144597829054_125429607800553:0.0.$right.0.$left.0.0.1\"><span data-ft=\"{&quot;tn&quot;:&quot;K&quot;}\" data-reactid=\".1bf.1:5:1:$comment125144597829054_125429607800553:0.0.$right.0.$left.0.0.1.$comment-body\"><span class=\"UFICommentBody _1n4g\" data-reactid=\".1bf.1:5:1:$comment125144597829054_125429607800553:0.0.$right.0.$left.0.0.1.$comment-body.0\"><span data-reactid=\".1bf.1:5:1:$comment125144597829054_125429607800553:0.0.$right.0.$left.0.0.1.$comment-body.0.0\"><span data-reactid=\".1bf.1:5:1:$comment125144597829054_125429607800553:0.0.$right.0.$left.0.0.1.$comment-body.0.0.$end:0:$text0:0\">Teknisesti valokuitu on ainoa vaihtoehto, koska muilla keinoin ei yksinkertaisesti p\u00e4\u00e4st\u00e4 toimintavarmoihin 100M+ nopeuksiin. Kuparikaapeleihin pohjautuvan tekniikan (ADSL) rajat ovat jo vastassa, eik\u00e4 langattomilla yhteyksill\u00e4 p\u00e4\u00e4st\u00e4 samoihin nopeuksiin. Kaapelitv-verkkoon tai satelliittiyhteyksiin perustuvat ratkaisut eiv\u00e4t ole k\u00e4yt\u00e4nn\u00f6ss\u00e4 mahdollisia.<\/span><\/span><\/span><\/span><\/span><\/p>\n<p>Valokuitu on pientalon asukkaan kannalta hyvin samanlainen kuin puhelinkaapelikin. Valokuidussa tietoa kuljetetaan s\u00e4hk\u00f6n sijasta valona. Haja-asutusalueella asuvien kannalta on t\u00e4rke\u00e4\u00e4, ettei esim. ukkonen vaikuta valokuituun mill\u00e4\u00e4n tavoin. Kaikki runkoverkot on jo nyt toteutettu valokuidulla. Langattomat verkot ovat langattomia vain tukiasemaan saakka ja jokaiselle tukiasemalle menee valokuitu.<\/p>\n<p>Valokuitu itsess\u00e4\u00e4n ei rajoita nopeutta, sill\u00e4 ainoastaan kuuden valokaapelin kapasiteetti riitt\u00e4isi koko maailman verkkoliikenteen siirt\u00e4miseksi. T\u00e4m\u00e4nhetkinen tiedonsiirtoenn\u00e4tys valokuidun yli on 2500 Tbit\/s. Se on 8 Mbit\/s ADSL-yhteyteen verrattuna 25 miljoonaa kertaa suurempi nopeus.<\/p>\n<h4>Tulevaisuus ei ole mobiilin<\/h4>\n<p>Matkapuhelinverkko tai muut radiotaajuuksiin perustuvat tiedonsiirtotekniikat eiv\u00e4t ole jatkossa realistinen tapa tarjota nopeita verkkoyhteyksi\u00e4. Edes teoreettisesti luotettavaa yli 100 Mbit\/s yhteytt\u00e4 ei voida tarjota langattomasti, koska radiotaajuuksien m\u00e4\u00e4r\u00e4 on yksinkertaisesti rajallinen.<\/p>\n<p><span data-reactid=\".1bf.1:5:1:$comment125144597829054_125429607800553:0.0.$right.0.$left.0.0.1\"><span data-ft=\"{&quot;tn&quot;:&quot;K&quot;}\" data-reactid=\".1bf.1:5:1:$comment125144597829054_125429607800553:0.0.$right.0.$left.0.0.1.$comment-body\"><span class=\"UFICommentBody _1n4g\" data-reactid=\".1bf.1:5:1:$comment125144597829054_125429607800553:0.0.$right.0.$left.0.0.1.$comment-body.0\"><span data-reactid=\".1bf.1:5:1:$comment125144597829054_125429607800553:0.0.$right.0.$left.0.0.1.$comment-body.0.0\"><span data-reactid=\".1bf.1:5:1:$comment125144597829054_125429607800553:0.0.$right.0.$left.0.0.1.$comment-body.0.0.$end:0:$text0:0\">Esimerkiksi<\/span><\/span><span data-reactid=\".1bf.1:5:1:$comment125144597829054_125429607800553:0.0.$right.0.$left.0.0.1.$comment-body.0.3\"><span data-reactid=\".1bf.1:5:1:$comment125144597829054_125429607800553:0.0.$right.0.$left.0.0.1.$comment-body.0.3.0\"><span data-reactid=\".1bf.1:5:1:$comment125144597829054_125429607800553:0.0.$right.0.$left.0.0.1.$comment-body.0.3.0.$end:0:$text0:0\"> 4G-dataliittymi\u00e4 myyd\u00e4\u00e4n 300M nopeuksilla, vaikka verkon teoreettinen maksiminopeus on ainoastaan 260M. K\u00e4yt\u00e4nn\u00f6n nopeus j\u00e4\u00e4 siten ADSL-tasolle heti kun muutama naapurikin hankkii dataliittym\u00e4n. K\u00e4yt\u00e4nn\u00f6ss\u00e4 yli 200M nopeus toteutuu ainoastaan silloin, kun k\u00e4ytt\u00e4ji\u00e4 on yksi ja h\u00e4n k\u00e4ytt\u00e4\u00e4 verkkoa aivan maston vieress\u00e4.<br \/>\n<\/span><\/span><\/span><\/span><\/span><\/span><\/p>\n<p>5G-verkot eiv\u00e4t nek\u00e4\u00e4n ratkaise tiedonsiirtoa, koska niiden kantama on vain satoja metrej\u00e4. K\u00e4yt\u00e4nn\u00f6ss\u00e4 oma 5G-tukiasema tarvittaisiin jokaiseen kortteliin. Koska jokaiselle tukiasemalle pit\u00e4isi kuitenkin vet\u00e4\u00e4 valokaapeli ymm\u00e4rt\u00e4\u00e4 nopeasti ett\u00e4 on j\u00e4rkev\u00e4mp\u00e4\u00e4 verkottaa suoraan jokainen kiinteist\u00f6, jolloin pullonkauloilta v\u00e4ltyt\u00e4\u00e4n kokonaan.<\/p>\n<h2>Valokuituyhteys nostaa kiinteist\u00f6n arvoa<\/h2>\n<p><span data-reactid=\".1bf.1:5:1:$comment125144597829054_125429184467262:0.0.$right.0.$left.0.0.1\"><span data-ft=\"{&quot;tn&quot;:&quot;K&quot;}\" data-reactid=\".1bf.1:5:1:$comment125144597829054_125429184467262:0.0.$right.0.$left.0.0.1.$comment-body\"><span class=\"UFICommentBody _1n4g\" data-reactid=\".1bf.1:5:1:$comment125144597829054_125429184467262:0.0.$right.0.$left.0.0.1.$comment-body.0\"><span data-reactid=\".1bf.1:5:1:$comment125144597829054_125429184467262:0.0.$right.0.$left.0.0.1.$comment-body.0.3\"><span data-reactid=\".1bf.1:5:1:$comment125144597829054_125429184467262:0.0.$right.0.$left.0.0.1.$comment-body.0.3.0\"><span data-reactid=\".1bf.1:5:1:$comment125144597829054_125429184467262:0.0.$right.0.$left.0.0.1.$comment-body.0.3.0.$end:0:$text8:0\">Jatkuvasti yleistyv\u00e4t pilvipalvelut, et\u00e4ty\u00f6 ja videopuhelut vaativat nettiyhteydelt\u00e4 nopeutta. Nopeatempoiset pelit vaativat nopean vastejan joten mobiili ei ole vaihtoehto. L\u00e4\u00e4k\u00e4ripalvelut verkon yli ovat nurkan takana.<\/span><\/span><\/span><\/span><\/span><\/span><\/p>\n<p><span data-reactid=\".1bf.1:5:1:$comment125144597829054_125429184467262:0.0.$right.0.$left.0.0.1\"><span data-ft=\"{&quot;tn&quot;:&quot;K&quot;}\" data-reactid=\".1bf.1:5:1:$comment125144597829054_125429184467262:0.0.$right.0.$left.0.0.1.$comment-body\"><span class=\"UFICommentBody _1n4g\" data-reactid=\".1bf.1:5:1:$comment125144597829054_125429184467262:0.0.$right.0.$left.0.0.1.$comment-body.0\"><span data-reactid=\".1bf.1:5:1:$comment125144597829054_125429184467262:0.0.$right.0.$left.0.0.1.$comment-body.0.3\"><span data-reactid=\".1bf.1:5:1:$comment125144597829054_125429184467262:0.0.$right.0.$left.0.0.1.$comment-body.0.3.0\"><span data-reactid=\".1bf.1:5:1:$comment125144597829054_125429184467262:0.0.$right.0.$left.0.0.1.$comment-body.0.3.0.$end:0:$text8:0\">Vaikka itse ei kokisi viel\u00e4 kuitua tarvitsevansa, niin asia kannattaa hoitaa kuntoon jo nyt. Kuitu nostaa kiinteist\u00f6n arvoa ja varmistaa, ett\u00e4 talonsa saa my\u00f6s tulevaisuudessa myyty\u00e4.<\/span><\/span><\/span><\/span><\/span><\/span> <span data-reactid=\".1bf.1:5:1:$comment125144597829054_125429184467262:0.0.$right.0.$left.0.0.1\"><span data-ft=\"{&quot;tn&quot;:&quot;K&quot;}\" data-reactid=\".1bf.1:5:1:$comment125144597829054_125429184467262:0.0.$right.0.$left.0.0.1.$comment-body\"><span class=\"UFICommentBody _1n4g\" data-reactid=\".1bf.1:5:1:$comment125144597829054_125429184467262:0.0.$right.0.$left.0.0.1.$comment-body.0\"><span data-reactid=\".1bf.1:5:1:$comment125144597829054_125429184467262:0.0.$right.0.$left.0.0.1.$comment-body.0.3\"><span data-reactid=\".1bf.1:5:1:$comment125144597829054_125429184467262:0.0.$right.0.$left.0.0.1.$comment-body.0.3.0\"><span data-reactid=\".1bf.1:5:1:$comment125144597829054_125429184467262:0.0.$right.0.$left.0.0.1.$comment-body.0.3.0.$end:0:$text12:0\">Valokuitua kannattaa ajatella perusinfran osana, joka jatkossa tulee joka taloon.<br \/>\n<\/span><\/span><\/span><\/span><\/span><\/span><\/p>\n","protected":false},"excerpt":{"rendered":"<p>Verkkopalvelut vaativat koko ajan enemm\u00e4n yhteydelt\u00e4 Internetin k\u00e4ytt\u00f6 kasvaa koko ajan. Monet internetin kautta k\u00e4ytett\u00e4v\u00e4t palvelut kuten tv- ja elokuvapalvelut&hellip;<\/p>\n","protected":false},"author":1,"featured_media":564,"parent":0,"menu_order":0,"comment_status":"closed","ping_status":"closed","template":"","meta":{"footnotes":""},"class_list":["post-10","page","type-page","status-publish","has-post-thumbnail","hentry"],"yoast_head":"<!-- This site is optimized with the Yoast SEO plugin v27.1.1 - https:\/\/yoast.com\/product\/yoast-seo-wordpress\/ -->\n<title>Miksi valokuitu? - Kuitu16<\/title>\n<meta name=\"robots\" content=\"index, follow, max-snippet:-1, max-image-preview:large, max-video-preview:-1\" \/>\n<link rel=\"canonical\" href=\"https:\/\/kuitu16.fi\/index.php\/miksi-valokuitu\/\" \/>\n<meta property=\"og:locale\" content=\"en_US\" \/>\n<meta property=\"og:type\" content=\"article\" \/>\n<meta property=\"og:title\" content=\"Miksi valokuitu? - Kuitu16\" \/>\n<meta property=\"og:description\" content=\"Verkkopalvelut vaativat koko ajan enemm\u00e4n yhteydelt\u00e4 Internetin k\u00e4ytt\u00f6 kasvaa koko ajan. Monet internetin kautta k\u00e4ytett\u00e4v\u00e4t palvelut kuten tv- ja elokuvapalvelut&hellip;\" \/>\n<meta property=\"og:url\" content=\"https:\/\/kuitu16.fi\/index.php\/miksi-valokuitu\/\" \/>\n<meta property=\"og:site_name\" content=\"Kuitu16\" \/>\n<meta property=\"article:modified_time\" content=\"2018-08-08T17:23:29+00:00\" \/>\n<meta property=\"og:image\" content=\"https:\/\/kuitu16.fi\/wpkansio\/wp-content\/uploads\/2018\/08\/kuitu16-2.jpg\" \/>\n\t<meta property=\"og:image:width\" content=\"643\" \/>\n\t<meta property=\"og:image:height\" content=\"124\" \/>\n\t<meta property=\"og:image:type\" content=\"image\/jpeg\" \/>\n<meta name=\"twitter:card\" content=\"summary_large_image\" \/>\n<meta name=\"twitter:label1\" content=\"Est. reading time\" \/>\n\t<meta name=\"twitter:data1\" content=\"3 minutes\" \/>\n<script type=\"application\/ld+json\" class=\"yoast-schema-graph\">{\"@context\":\"https:\/\/schema.org\",\"@graph\":[{\"@type\":\"WebPage\",\"@id\":\"https:\/\/kuitu16.fi\/index.php\/miksi-valokuitu\/\",\"url\":\"https:\/\/kuitu16.fi\/index.php\/miksi-valokuitu\/\",\"name\":\"Miksi valokuitu? - Kuitu16\",\"isPartOf\":{\"@id\":\"https:\/\/kuitu16.fi\/#website\"},\"primaryImageOfPage\":{\"@id\":\"https:\/\/kuitu16.fi\/index.php\/miksi-valokuitu\/#primaryimage\"},\"image\":{\"@id\":\"https:\/\/kuitu16.fi\/index.php\/miksi-valokuitu\/#primaryimage\"},\"thumbnailUrl\":\"https:\/\/kuitu16.fi\/wpkansio\/wp-content\/uploads\/2018\/08\/kuitu16-2.jpg\",\"datePublished\":\"2015-08-21T19:06:01+00:00\",\"dateModified\":\"2018-08-08T17:23:29+00:00\",\"breadcrumb\":{\"@id\":\"https:\/\/kuitu16.fi\/index.php\/miksi-valokuitu\/#breadcrumb\"},\"inLanguage\":\"en-US\",\"potentialAction\":[{\"@type\":\"ReadAction\",\"target\":[\"https:\/\/kuitu16.fi\/index.php\/miksi-valokuitu\/\"]}]},{\"@type\":\"ImageObject\",\"inLanguage\":\"en-US\",\"@id\":\"https:\/\/kuitu16.fi\/index.php\/miksi-valokuitu\/#primaryimage\",\"url\":\"https:\/\/kuitu16.fi\/wpkansio\/wp-content\/uploads\/2018\/08\/kuitu16-2.jpg\",\"contentUrl\":\"https:\/\/kuitu16.fi\/wpkansio\/wp-content\/uploads\/2018\/08\/kuitu16-2.jpg\",\"width\":643,\"height\":124},{\"@type\":\"BreadcrumbList\",\"@id\":\"https:\/\/kuitu16.fi\/index.php\/miksi-valokuitu\/#breadcrumb\",\"itemListElement\":[{\"@type\":\"ListItem\",\"position\":1,\"name\":\"Home\",\"item\":\"https:\/\/kuitu16.fi\/\"},{\"@type\":\"ListItem\",\"position\":2,\"name\":\"Miksi valokuitu?\"}]},{\"@type\":\"WebSite\",\"@id\":\"https:\/\/kuitu16.fi\/#website\",\"url\":\"https:\/\/kuitu16.fi\/\",\"name\":\"Kuitu16\",\"description\":\"Monnin nopea valokuituverkko\",\"potentialAction\":[{\"@type\":\"SearchAction\",\"target\":{\"@type\":\"EntryPoint\",\"urlTemplate\":\"https:\/\/kuitu16.fi\/?s={search_term_string}\"},\"query-input\":{\"@type\":\"PropertyValueSpecification\",\"valueRequired\":true,\"valueName\":\"search_term_string\"}}],\"inLanguage\":\"en-US\"}]}<\/script>\n<!-- \/ Yoast SEO plugin. -->","yoast_head_json":{"title":"Miksi valokuitu? - Kuitu16","robots":{"index":"index","follow":"follow","max-snippet":"max-snippet:-1","max-image-preview":"max-image-preview:large","max-video-preview":"max-video-preview:-1"},"canonical":"https:\/\/kuitu16.fi\/index.php\/miksi-valokuitu\/","og_locale":"en_US","og_type":"article","og_title":"Miksi valokuitu? - Kuitu16","og_description":"Verkkopalvelut vaativat koko ajan enemm\u00e4n yhteydelt\u00e4 Internetin k\u00e4ytt\u00f6 kasvaa koko ajan. Monet internetin kautta k\u00e4ytett\u00e4v\u00e4t palvelut kuten tv- ja elokuvapalvelut&hellip;","og_url":"https:\/\/kuitu16.fi\/index.php\/miksi-valokuitu\/","og_site_name":"Kuitu16","article_modified_time":"2018-08-08T17:23:29+00:00","og_image":[{"width":643,"height":124,"url":"https:\/\/kuitu16.fi\/wpkansio\/wp-content\/uploads\/2018\/08\/kuitu16-2.jpg","type":"image\/jpeg"}],"twitter_card":"summary_large_image","twitter_misc":{"Est. reading time":"3 minutes"},"schema":{"@context":"https:\/\/schema.org","@graph":[{"@type":"WebPage","@id":"https:\/\/kuitu16.fi\/index.php\/miksi-valokuitu\/","url":"https:\/\/kuitu16.fi\/index.php\/miksi-valokuitu\/","name":"Miksi valokuitu? - Kuitu16","isPartOf":{"@id":"https:\/\/kuitu16.fi\/#website"},"primaryImageOfPage":{"@id":"https:\/\/kuitu16.fi\/index.php\/miksi-valokuitu\/#primaryimage"},"image":{"@id":"https:\/\/kuitu16.fi\/index.php\/miksi-valokuitu\/#primaryimage"},"thumbnailUrl":"https:\/\/kuitu16.fi\/wpkansio\/wp-content\/uploads\/2018\/08\/kuitu16-2.jpg","datePublished":"2015-08-21T19:06:01+00:00","dateModified":"2018-08-08T17:23:29+00:00","breadcrumb":{"@id":"https:\/\/kuitu16.fi\/index.php\/miksi-valokuitu\/#breadcrumb"},"inLanguage":"en-US","potentialAction":[{"@type":"ReadAction","target":["https:\/\/kuitu16.fi\/index.php\/miksi-valokuitu\/"]}]},{"@type":"ImageObject","inLanguage":"en-US","@id":"https:\/\/kuitu16.fi\/index.php\/miksi-valokuitu\/#primaryimage","url":"https:\/\/kuitu16.fi\/wpkansio\/wp-content\/uploads\/2018\/08\/kuitu16-2.jpg","contentUrl":"https:\/\/kuitu16.fi\/wpkansio\/wp-content\/uploads\/2018\/08\/kuitu16-2.jpg","width":643,"height":124},{"@type":"BreadcrumbList","@id":"https:\/\/kuitu16.fi\/index.php\/miksi-valokuitu\/#breadcrumb","itemListElement":[{"@type":"ListItem","position":1,"name":"Home","item":"https:\/\/kuitu16.fi\/"},{"@type":"ListItem","position":2,"name":"Miksi valokuitu?"}]},{"@type":"WebSite","@id":"https:\/\/kuitu16.fi\/#website","url":"https:\/\/kuitu16.fi\/","name":"Kuitu16","description":"Monnin nopea valokuituverkko","potentialAction":[{"@type":"SearchAction","target":{"@type":"EntryPoint","urlTemplate":"https:\/\/kuitu16.fi\/?s={search_term_string}"},"query-input":{"@type":"PropertyValueSpecification","valueRequired":true,"valueName":"search_term_string"}}],"inLanguage":"en-US"}]}},"_links":{"self":[{"href":"https:\/\/kuitu16.fi\/index.php\/wp-json\/wp\/v2\/pages\/10","targetHints":{"allow":["GET"]}}],"collection":[{"href":"https:\/\/kuitu16.fi\/index.php\/wp-json\/wp\/v2\/pages"}],"about":[{"href":"https:\/\/kuitu16.fi\/index.php\/wp-json\/wp\/v2\/types\/page"}],"author":[{"embeddable":true,"href":"https:\/\/kuitu16.fi\/index.php\/wp-json\/wp\/v2\/users\/1"}],"replies":[{"embeddable":true,"href":"https:\/\/kuitu16.fi\/index.php\/wp-json\/wp\/v2\/comments?post=10"}],"version-history":[{"count":6,"href":"https:\/\/kuitu16.fi\/index.php\/wp-json\/wp\/v2\/pages\/10\/revisions"}],"predecessor-version":[{"id":238,"href":"https:\/\/kuitu16.fi\/index.php\/wp-json\/wp\/v2\/pages\/10\/revisions\/238"}],"wp:featuredmedia":[{"embeddable":true,"href":"https:\/\/kuitu16.fi\/index.php\/wp-json\/wp\/v2\/media\/564"}],"wp:attachment":[{"href":"https:\/\/kuitu16.fi\/index.php\/wp-json\/wp\/v2\/media?parent=10"}],"curies":[{"name":"wp","href":"https:\/\/api.w.org\/{rel}","templated":true}]}}