{"id":31,"date":"2015-08-24T21:39:42","date_gmt":"2015-08-24T21:39:42","guid":{"rendered":"http:\/\/kuitu16.fi\/?page_id=31"},"modified":"2025-08-08T13:00:25","modified_gmt":"2025-08-08T11:00:25","slug":"hinnasto","status":"publish","type":"page","link":"https:\/\/kuitu16.fi\/index.php\/hinnasto\/","title":{"rendered":"Hinnasto"},"content":{"rendered":"<h2 class=\"western\">Liittym\u00e4hinnasto<\/h2>\n<p>Kuituvalmiuden hankkineille liittym\u00e4n kytkent\u00e4 1700\u20ac. Hinta sis\u00e4lt\u00e4\u00e4 valokuituyhteyden asennuksen talon sis\u00e4\u00e4n saakka sek\u00e4 kuitumuuntimen.<\/p>\n<p>Liittym\u00e4n kytkent\u00e4 muihin kiinteist\u00f6ihin 2000\u20ac. Hintaan lis\u00e4t\u00e4\u00e4n kuituyhteyden rakentaminen keskukselta kiinteist\u00f6lle ja tonttity\u00f6t toteutuneiden kustannusten mukaan (arvio alk. 1000\u20ac).<\/p>\n<h3 class=\"western\">K\u00e4ytt\u00f6maksu<\/h3>\n<p>Verkkoyhteydet toimittaa 1.7.2025 alkaen Pyh\u00e4net. Kuukausimaksu riippuu tilatuista palveluista.<br \/>\nHinta sis\u00e4lt\u00e4\u00e4 aina kuituverkon yll\u00e4pidon, symmetrisen nettiyhteyden ja p\u00e4\u00e4telaitteen langattomalla tukiasemalla (WLAN \/ WIFI).<\/p>\n<p>Hankkimalla digiboksin ja valitsemalla IPTV-palvelun sis\u00e4lt\u00e4v\u00e4n liittym\u00e4n, voit seurata 18 tv-kanavaa HD-kuvanlaadulla. Perusmaksuun sis\u00e4ltyy kahden boksin k\u00e4ytt\u00f6, kolmannesta alkaen Maxivision perii hinnastonsa mukaisen lis\u00e4maksun. Tarjolla on my\u00f6s maksukanavia sek\u00e4 tallennuspalvelu. Lis\u00e4tiedot ja tilaukset suoraan Maxivisionilta: <a href=\"https:\/\/maxivision.fi\/kuituverkot\/cinia\/\" target=\"_blank\" rel=\"noopener noreferrer\">https:\/\/maxivision.fi\/kuituverkot\/cinia\/<\/a><\/p>\n<p><strong>Internet-liittym\u00e4hinnat 1.7.2025 alkaen:<\/strong><\/p>\n<ul>\n<li>1000M\/1000M 26,50\u00a0\u20ac\/kk<\/li>\n<li>1000M\/1000M + Maxivision IPTV 32,50 \u20ac\/kk<\/li>\n<\/ul>\n<p>Kaikki hinnat sis\u00e4lt\u00e4v\u00e4t arvonlis\u00e4veron 25,5%.<\/p>\n<p>Laskutus tapahtuu kaksi kuukautta kerrallaan.<\/p>\n<p>Jos liittym\u00e4\u00e4 ei k\u00e4ytet\u00e4, ei kk-maksuja perit\u00e4. Siis maksut 0\u20ac\/kk.<br \/>\nSuljetun tai maksamattomien laskujen vuoksi katkaistun liittym\u00e4n uudelleenavaaminen 200\u20ac.<\/p>\n<h2><strong>Kaapelin\u00e4ytt\u00f6jen hinnat<\/strong><\/h2>\n<p>Ennen kuin alat kaivaa, niin pyyd\u00e4 meid\u00e4t ajoissa n\u00e4ytt\u00e4m\u00e4\u00e4n miss\u00e4 kaapeli kulkee. N\u00e4ytt\u00f6 on voimassa 2 viikkoa. Kaapelin\u00e4yt\u00f6n tilaajan on oltava paikalla kaapelin\u00e4yt\u00f6ss\u00e4.<br \/>\nKaikki hinnat alv 0%.<\/p>\n<h3>Kaapelin\u00e4ytt\u00f6 ty\u00f6aikana<\/h3>\n<ul>\n<li>ILMAINEN tilattuna v\u00e4hint\u00e4\u00e4n 5 arkip\u00e4iv\u00e4\u00e4 ennen n\u00e4ytt\u00f6ajankohtaa<\/li>\n<li>Uusintan\u00e4ytt\u00f6 ty\u00f6aikana 200\u20ac, jos edellisest\u00e4 n\u00e4yt\u00f6st\u00e4 on alle kuukausi<\/li>\n<li>Nopeutettu n\u00e4ytt\u00f6 seuraavana arkip\u00e4iv\u00e4n\u00e4 250\u20ac, jos se on resurssien puitteissa mahdollista<\/li>\n<li>tehd\u00e4\u00e4n jos on ilmeinen vaara kaapeleiden vahingoittumisesta<\/li>\n<li>n\u00e4yt\u00f6n kesto enint\u00e4\u00e4n 1 tunti<\/li>\n<\/ul>\n<h3>Nopeutettu n\u00e4ytt\u00f6, ty\u00f6aikana<\/h3>\n<ul>\n<li>asiakas haluaa n\u00e4yt\u00f6n vuorokauden sis\u00e4ll\u00e4 tilauksesta (arkisin)<\/li>\n<li>tehd\u00e4\u00e4n, jos se on resurssien puitteissa mahdollista<\/li>\n<li>n\u00e4yt\u00f6n kesto enint\u00e4\u00e4n 1 tunti<\/li>\n<li>Hinta 250\u20ac<\/li>\n<\/ul>\n<h3>H\u00e4t\u00e4n\u00e4yt\u00f6t<\/h3>\n<ul>\n<li>ty\u00f6aikana 350\u20ac<\/li>\n<li>iltaisin, viikonloppuisin ja arkipyhin\u00e4 500\u20ac<\/li>\n<li>tehd\u00e4\u00e4n jos se on resurssien puolesta mahdollista<\/li>\n<\/ul>\n","protected":false},"excerpt":{"rendered":"<p>Liittym\u00e4hinnasto Kuituvalmiuden hankkineille liittym\u00e4n kytkent\u00e4 1700\u20ac. Hinta sis\u00e4lt\u00e4\u00e4 valokuituyhteyden asennuksen talon sis\u00e4\u00e4n saakka sek\u00e4 kuitumuuntimen. Liittym\u00e4n kytkent\u00e4 muihin kiinteist\u00f6ihin 2000\u20ac.&hellip;<\/p>\n","protected":false},"author":1,"featured_media":0,"parent":0,"menu_order":0,"comment_status":"closed","ping_status":"closed","template":"","meta":{"footnotes":""},"class_list":["post-31","page","type-page","status-publish","hentry"],"yoast_head":"<!-- This site is optimized with the Yoast SEO plugin v27.1.1 - https:\/\/yoast.com\/product\/yoast-seo-wordpress\/ -->\n<title>Hinnasto - Kuitu16<\/title>\n<meta name=\"description\" content=\"Kuitu16 hinnasto. Asennus, k\u00e4ytt\u00f6maksut ja n\u00e4yt\u00f6t.\" \/>\n<meta name=\"robots\" content=\"index, follow, max-snippet:-1, max-image-preview:large, max-video-preview:-1\" \/>\n<link rel=\"canonical\" href=\"https:\/\/kuitu16.fi\/index.php\/hinnasto\/\" \/>\n<meta property=\"og:locale\" content=\"en_US\" \/>\n<meta property=\"og:type\" content=\"article\" \/>\n<meta property=\"og:title\" content=\"Hinnasto - Kuitu16\" \/>\n<meta property=\"og:description\" content=\"Kuitu16 hinnasto. Asennus, k\u00e4ytt\u00f6maksut ja n\u00e4yt\u00f6t.\" \/>\n<meta property=\"og:url\" content=\"https:\/\/kuitu16.fi\/index.php\/hinnasto\/\" \/>\n<meta property=\"og:site_name\" content=\"Kuitu16\" \/>\n<meta property=\"article:modified_time\" content=\"2025-08-08T11:00:25+00:00\" \/>\n<meta name=\"twitter:card\" content=\"summary_large_image\" \/>\n<meta name=\"twitter:label1\" content=\"Est. reading time\" \/>\n\t<meta name=\"twitter:data1\" content=\"2 minutes\" \/>\n<script type=\"application\/ld+json\" class=\"yoast-schema-graph\">{\"@context\":\"https:\/\/schema.org\",\"@graph\":[{\"@type\":\"WebPage\",\"@id\":\"https:\/\/kuitu16.fi\/index.php\/hinnasto\/\",\"url\":\"https:\/\/kuitu16.fi\/index.php\/hinnasto\/\",\"name\":\"Hinnasto - Kuitu16\",\"isPartOf\":{\"@id\":\"https:\/\/kuitu16.fi\/#website\"},\"datePublished\":\"2015-08-24T21:39:42+00:00\",\"dateModified\":\"2025-08-08T11:00:25+00:00\",\"description\":\"Kuitu16 hinnasto. Asennus, k\u00e4ytt\u00f6maksut ja n\u00e4yt\u00f6t.\",\"breadcrumb\":{\"@id\":\"https:\/\/kuitu16.fi\/index.php\/hinnasto\/#breadcrumb\"},\"inLanguage\":\"en-US\",\"potentialAction\":[{\"@type\":\"ReadAction\",\"target\":[\"https:\/\/kuitu16.fi\/index.php\/hinnasto\/\"]}]},{\"@type\":\"BreadcrumbList\",\"@id\":\"https:\/\/kuitu16.fi\/index.php\/hinnasto\/#breadcrumb\",\"itemListElement\":[{\"@type\":\"ListItem\",\"position\":1,\"name\":\"Home\",\"item\":\"https:\/\/kuitu16.fi\/\"},{\"@type\":\"ListItem\",\"position\":2,\"name\":\"Hinnasto\"}]},{\"@type\":\"WebSite\",\"@id\":\"https:\/\/kuitu16.fi\/#website\",\"url\":\"https:\/\/kuitu16.fi\/\",\"name\":\"Kuitu16\",\"description\":\"Monnin nopea valokuituverkko\",\"potentialAction\":[{\"@type\":\"SearchAction\",\"target\":{\"@type\":\"EntryPoint\",\"urlTemplate\":\"https:\/\/kuitu16.fi\/?s={search_term_string}\"},\"query-input\":{\"@type\":\"PropertyValueSpecification\",\"valueRequired\":true,\"valueName\":\"search_term_string\"}}],\"inLanguage\":\"en-US\"}]}<\/script>\n<!-- \/ Yoast SEO plugin. -->","yoast_head_json":{"title":"Hinnasto - Kuitu16","description":"Kuitu16 hinnasto. Asennus, k\u00e4ytt\u00f6maksut ja n\u00e4yt\u00f6t.","robots":{"index":"index","follow":"follow","max-snippet":"max-snippet:-1","max-image-preview":"max-image-preview:large","max-video-preview":"max-video-preview:-1"},"canonical":"https:\/\/kuitu16.fi\/index.php\/hinnasto\/","og_locale":"en_US","og_type":"article","og_title":"Hinnasto - Kuitu16","og_description":"Kuitu16 hinnasto. Asennus, k\u00e4ytt\u00f6maksut ja n\u00e4yt\u00f6t.","og_url":"https:\/\/kuitu16.fi\/index.php\/hinnasto\/","og_site_name":"Kuitu16","article_modified_time":"2025-08-08T11:00:25+00:00","twitter_card":"summary_large_image","twitter_misc":{"Est. reading time":"2 minutes"},"schema":{"@context":"https:\/\/schema.org","@graph":[{"@type":"WebPage","@id":"https:\/\/kuitu16.fi\/index.php\/hinnasto\/","url":"https:\/\/kuitu16.fi\/index.php\/hinnasto\/","name":"Hinnasto - Kuitu16","isPartOf":{"@id":"https:\/\/kuitu16.fi\/#website"},"datePublished":"2015-08-24T21:39:42+00:00","dateModified":"2025-08-08T11:00:25+00:00","description":"Kuitu16 hinnasto. Asennus, k\u00e4ytt\u00f6maksut ja n\u00e4yt\u00f6t.","breadcrumb":{"@id":"https:\/\/kuitu16.fi\/index.php\/hinnasto\/#breadcrumb"},"inLanguage":"en-US","potentialAction":[{"@type":"ReadAction","target":["https:\/\/kuitu16.fi\/index.php\/hinnasto\/"]}]},{"@type":"BreadcrumbList","@id":"https:\/\/kuitu16.fi\/index.php\/hinnasto\/#breadcrumb","itemListElement":[{"@type":"ListItem","position":1,"name":"Home","item":"https:\/\/kuitu16.fi\/"},{"@type":"ListItem","position":2,"name":"Hinnasto"}]},{"@type":"WebSite","@id":"https:\/\/kuitu16.fi\/#website","url":"https:\/\/kuitu16.fi\/","name":"Kuitu16","description":"Monnin nopea valokuituverkko","potentialAction":[{"@type":"SearchAction","target":{"@type":"EntryPoint","urlTemplate":"https:\/\/kuitu16.fi\/?s={search_term_string}"},"query-input":{"@type":"PropertyValueSpecification","valueRequired":true,"valueName":"search_term_string"}}],"inLanguage":"en-US"}]}},"_links":{"self":[{"href":"https:\/\/kuitu16.fi\/index.php\/wp-json\/wp\/v2\/pages\/31","targetHints":{"allow":["GET"]}}],"collection":[{"href":"https:\/\/kuitu16.fi\/index.php\/wp-json\/wp\/v2\/pages"}],"about":[{"href":"https:\/\/kuitu16.fi\/index.php\/wp-json\/wp\/v2\/types\/page"}],"author":[{"embeddable":true,"href":"https:\/\/kuitu16.fi\/index.php\/wp-json\/wp\/v2\/users\/1"}],"replies":[{"embeddable":true,"href":"https:\/\/kuitu16.fi\/index.php\/wp-json\/wp\/v2\/comments?post=31"}],"version-history":[{"count":35,"href":"https:\/\/kuitu16.fi\/index.php\/wp-json\/wp\/v2\/pages\/31\/revisions"}],"predecessor-version":[{"id":659,"href":"https:\/\/kuitu16.fi\/index.php\/wp-json\/wp\/v2\/pages\/31\/revisions\/659"}],"wp:attachment":[{"href":"https:\/\/kuitu16.fi\/index.php\/wp-json\/wp\/v2\/media?parent=31"}],"curies":[{"name":"wp","href":"https:\/\/api.w.org\/{rel}","templated":true}]}}